{"id":889,"date":"2024-09-19T18:11:29","date_gmt":"2024-09-19T18:11:29","guid":{"rendered":"https:\/\/mathieuwuhrmann.com\/?page_id=889"},"modified":"2025-11-23T22:27:58","modified_gmt":"2025-11-23T22:27:58","slug":"prochaine-exposition","status":"publish","type":"page","link":"https:\/\/mathieuwuhrmann.com\/?page_id=889","title":{"rendered":"Prochaines expositions"},"content":{"rendered":"\n<p><a href=\"https:\/\/lehublotdivry.blogspot.com\/\" target=\"_blank\" rel=\"noreferrer noopener\"><strong>Hublot d&#8217;Ivry<\/strong><\/a><\/p>\n\n\n\n<p>Du 28 novembre au 12 d\u00e9cembre 2025<\/p>\n\n\n\n<p><strong>Vernissage vendredi 28 novembre \u00e0 18h<\/strong><\/p>\n\n\n\n<p>Place Voltaire, Ivry-sur-Seine,<\/p>\n\n\n\n<p>M\u00e9tro 7 &#8220;Mairie d&#8217;Ivry&#8221;, RER C Ivry-sur-Seine<\/p>\n\n\n\n<hr class=\"wp-block-separator has-text-color has-black-color has-alpha-channel-opacity has-black-background-color has-background is-style-wide\"\/>\n\n\n\n<p>\u00a0<strong><em>TERRE (IM)MOBILE<\/em><\/strong>) <\/p>\n\n\n\n<p>Vous pourrez d\u00e9couvrir mon nouveau travail en peinture \u00e0 l&#8217;huile, ainsi que les magnifiques \u0153uvres de Sophie Cordey.<\/p>\n\n\n\n<p>&nbsp;<strong>Exposition&nbsp;7 novembre au 7 d\u00e9cembre 2025<\/strong><\/p>\n\n\n\n<p>ouverte du mercredi au dimanche de 14h \u00e0 18h.<\/p>\n\n\n\n<p><strong>&nbsp;Ch\u00e2teau de la Fresnaye<\/strong><\/p>\n\n\n\n<p>Place de la Fresnaye, 77380 Combs-la-Ville<\/p>\n\n\n\n<figure class=\"wp-block-image size-large is-resized\"><img decoding=\"async\" loading=\"lazy\" src=\"https:\/\/mathieuwuhrmann.com\/wp-content\/uploads\/2025\/10\/Exposition-combs-la-ville-affiche-v4-495x700.jpg\" alt=\"\" class=\"wp-image-897\" width=\"495\" height=\"700\" srcset=\"https:\/\/mathieuwuhrmann.com\/wp-content\/uploads\/2025\/10\/Exposition-combs-la-ville-affiche-v4-495x700.jpg 495w, https:\/\/mathieuwuhrmann.com\/wp-content\/uploads\/2025\/10\/Exposition-combs-la-ville-affiche-v4-141x200.jpg 141w, https:\/\/mathieuwuhrmann.com\/wp-content\/uploads\/2025\/10\/Exposition-combs-la-ville-affiche-v4-71x100.jpg 71w, https:\/\/mathieuwuhrmann.com\/wp-content\/uploads\/2025\/10\/Exposition-combs-la-ville-affiche-v4-768x1086.jpg 768w, https:\/\/mathieuwuhrmann.com\/wp-content\/uploads\/2025\/10\/Exposition-combs-la-ville-affiche-v4-500x707.jpg 500w, https:\/\/mathieuwuhrmann.com\/wp-content\/uploads\/2025\/10\/Exposition-combs-la-ville-affiche-v4-1086x1536.jpg 1086w, https:\/\/mathieuwuhrmann.com\/wp-content\/uploads\/2025\/10\/Exposition-combs-la-ville-affiche-v4-1448x2048.jpg 1448w, https:\/\/mathieuwuhrmann.com\/wp-content\/uploads\/2025\/10\/Exposition-combs-la-ville-affiche-v4-1200x1697.jpg 1200w, https:\/\/mathieuwuhrmann.com\/wp-content\/uploads\/2025\/10\/Exposition-combs-la-ville-affiche-v4-1860x2630.jpg 1860w, https:\/\/mathieuwuhrmann.com\/wp-content\/uploads\/2025\/10\/Exposition-combs-la-ville-affiche-v4-scaled.jpg 1810w\" sizes=\"(max-width: 495px) 100vw, 495px\" \/><\/figure>\n","protected":false},"excerpt":{"rendered":"<p>Hublot d&#8217;Ivry Du 28 novembre au 12 d\u00e9cembre 2025 Vernissage vendredi 28 novembre \u00e0 18h Place Voltaire, Ivry-sur-Seine, M\u00e9tro 7 &#8220;Mairie d&#8217;Ivry&#8221;, RER C Ivry-sur-Seine \u00a0TERRE (IM)MOBILE) Vous pourrez d\u00e9couvrir mon nouveau travail en peinture \u00e0 l&#8217;huile, ainsi que les magnifiques \u0153uvres de Sophie Cordey. &nbsp;Exposition&nbsp;7 novembre au 7 d\u00e9cembre 2025 ouverte du mercredi au [&hellip;]<\/p>\n","protected":false},"author":1,"featured_media":0,"parent":0,"menu_order":0,"comment_status":"closed","ping_status":"closed","template":"","meta":[],"_links":{"self":[{"href":"https:\/\/mathieuwuhrmann.com\/index.php?rest_route=\/wp\/v2\/pages\/889"}],"collection":[{"href":"https:\/\/mathieuwuhrmann.com\/index.php?rest_route=\/wp\/v2\/pages"}],"about":[{"href":"https:\/\/mathieuwuhrmann.com\/index.php?rest_route=\/wp\/v2\/types\/page"}],"author":[{"embeddable":true,"href":"https:\/\/mathieuwuhrmann.com\/index.php?rest_route=\/wp\/v2\/users\/1"}],"replies":[{"embeddable":true,"href":"https:\/\/mathieuwuhrmann.com\/index.php?rest_route=%2Fwp%2Fv2%2Fcomments&post=889"}],"version-history":[{"count":6,"href":"https:\/\/mathieuwuhrmann.com\/index.php?rest_route=\/wp\/v2\/pages\/889\/revisions"}],"predecessor-version":[{"id":906,"href":"https:\/\/mathieuwuhrmann.com\/index.php?rest_route=\/wp\/v2\/pages\/889\/revisions\/906"}],"wp:attachment":[{"href":"https:\/\/mathieuwuhrmann.com\/index.php?rest_route=%2Fwp%2Fv2%2Fmedia&parent=889"}],"curies":[{"name":"wp","href":"https:\/\/api.w.org\/{rel}","templated":true}]}}