{"id":8,"date":"2017-12-11T18:37:36","date_gmt":"2017-12-11T18:37:36","guid":{"rendered":"http:\/\/mathieuwuhrmann.com\/?page_id=8"},"modified":"2024-05-15T08:40:38","modified_gmt":"2024-05-15T08:40:38","slug":"about","status":"publish","type":"page","link":"https:\/\/mathieuwuhrmann.com\/?page_id=8","title":{"rendered":"Biographie"},"content":{"rendered":"\n<h5 class=\"wp-block-heading\"><strong>Mathieu W\u00fchrmann<\/strong><\/h5>\n\n\n\n<p>N\u00e9 le 16 avril 1988 \u00e0 Fontainebleau<br>9 Bis boulevard Magenta, 77300 Fontainebleau<br>mathieuwuhrmann@hotmail.fr | 06.25.96.44.29<br>www.mathieuwuhrmann.fr | @mathieuwuhrmann<\/p>\n\n\n\n<p class=\"has-black-color has-white-background-color has-text-color has-background has-small-font-size\"><strong><em>Expositions personnelles (s\u00e9lection)<br><br>\u00a0<\/em><\/strong><em>2023\u00a0\u00a0\u00a0\u00a0\u00a0\u00a0 Racines du monde, Salle Andr\u00e9 Malraux, Yerres<br>\u00a02023\u00a0\u00a0\u00a0\u00a0\u00a0\u00a0 Une ann\u00e9e dans la Grande Prairie, m\u00e9diath\u00e8que de Fontainebleau<br> 2020 \u00a0\u00a0\u00a0\u00a0  Mus\u00e9e municipal de Moret\u2011sur\u2011Loing<br>\u00a02019\u00a0\u00a0\u00a0\u00a0\u00a0\u00a0 Les Arbres et le ciel, Fontainebleau<br>\u00a02018 \u00a0\u00a0\u00a0\u00a0\u00a0 Moulin \u00e0 Tan, Moret\u2011sur\u2011Loing<br>\u00a02017 \u00a0\u00a0\u00a0\u00a0\u00a0 Portraits d\u2019arbres, Fontainebleau<\/em><strong><em><br><br>Expositions collectives (s\u00e9lection)<br><br><\/em><\/strong><em>\u00a02023\u00a0\u00a0\u00a0\u00a0\u00a0\u00a0 SongTao, Galerie 39, Barbizon<br>\u00a02023 \u00a0\u00a0\u00a0\u00a0\u00a0 Le dedans du dehors, La maison de la parole, Meudon<br>\u00a02022 \u00a0\u00a0\u00a0\u00a0\u00a0 Sous la Surface, Cabinet de Florian Mandrillon, Paris<br> 2021 \u00a0\u00a0\u00a0\u00a0\u00a0 Salon d\u2019Automne, Boulogne\u2011Billancourt<br> 2020 \u00a0\u00a0\u00a0 \u00a0 Festival Entre\u2011Temps, Manoir de Bel\u2011Ebat, Avon<br>\u00a02016 \u00a0\u00a0\u00a0\u00a0\u00a0 StART\u2019up, Galerie Ga\u00efa, Nantes<br>\u00a02015\u00a0\u00a0\u00a0\u00a0\u00a0\u00a0 Terra Mentis #1, \u00c9l\u00e9ments de langages, Bruxelles<br>\u00a02014 \u00a0\u00a0\u00a0\u00a0\u00a0 Turbulences, Salle Vasse, Galerie Dulcie Septembre, Nantes<br>\u00a02010\u00a0 \u00a0\u00a0\u00a0\u00a0 Annual Juried Exhibition, London, Ontario, Canada<\/em><strong><em><br><br>Publications<br><br>\u00a0<\/em><\/strong><em>2023\u00a0\u00a0\u00a0\u00a0\u00a0\u00a0 Une ann\u00e9e dans la Grande Prairie, Imprimerie artisanale de Fontainebleau<br>\u00a02019\u00a0\u00a0\u00a0\u00a0\u00a0\u00a0 Les Arbres et le ciel, avec les po\u00e9sies de Jean-Pierre Lemaire, Lienart-\u00e9ditions<br>\u00a02019\u00a0\u00a0\u00a0\u00a0\u00a0\u00a0 Contribution \u00e0 La Route inconnue, revue de l&#8217;association des amis d&#8217;Andr\u00e9 Dh\u00f4tel<br>\u00a02017\u00a0\u00a0\u00a0\u00a0\u00a0\u00a0 Portraits d&#8217;arbres, \u00e9d. Henri des Abbayes<br>\u00a02014\u00a0\u00a0\u00a0\u00a0\u00a0\u00a0 Arr\u00eat devant une tapisserie, essai sur &#8220;La Chapelle des saules&#8221; de Jean-Claude Pirotte, Acad\u00e9mie royale des beaux-arts, Bruxelles<br>\u00a02007\u00a0\u00a0\u00a0\u00a0\u00a0 \u201cThe golden thread in Etty Hillesum\u2019s letters\u201d, Huron College, London Ontario, Canada<\/em><strong><em><br><br>R\u00e9sidences et prix<br><br><\/em><\/strong><em> 2024\u00a0 \u00a0 \u00a0 R\u00e9sidence Tournefou, Aube<br> 2021\u00a0 \u00a0 \u00a0 1er Prix Marcel Loyau du Salon d\u2019Automne 2021 de Boulogne\u2011Billancourt<br> 2020 \u00a0\u00a0\u00a0\u00a0 Bourse de la R\u00e9gion \u00cele\u2011de\u2011France pour une \u00ab r\u00e9sidence litt\u00e9raire \u00bb<br> Lyc\u00e9e Jacques Amyot, Melun<br> 2014 \u00a0\u00a0\u00a0\u00a0\u00a0 3\u00e8 prix du concours en peinture et art num\u00e9rique Ailleurs organis\u00e9 par le\u00a0<br>C.N.O.U.S. (Centre national des \u0153uvres universitaires)<\/em><strong><em><br><br>Formations<br><br><\/em><\/strong><em> 2017\u00a0 \u00a0 \u00a0 Dipl\u00f4m\u00e9 avec mention, \u00c9cole sup\u00e9rieure des Beaux\u2011Arts de Nantes,\u00a0\u00a0<br>Master 1 et 2 avec mention<br> 2015\u00a0 \u00a0 \u00a0 Dipl\u00f4m\u00e9 de l\u2019Acad\u00e9mie Royale des Beaux\u2011Arts de Bruxelles<br> 2012\u20112014 \u00a0\u00a0\u00a0 \u00c9cole sup\u00e9rieure des Beaux\u2011Arts de Nantes 1\u00e8re et 2\u00e8me ann\u00e9e<br> 2011\u20112012\u00a0 \u00a0\u00a0 \u00c9cole de la ville de Paris, Glaci\u00e8re. Formation pr\u00e9paratoire Beaux\u2011Arts<br> 2006\u20112010\u00a0 \u00a0  Dipl\u00f4m\u00e9 de l\u2019University of Western Ontario. Obtention d\u2019un B.A. <br>en Psychologie, Honors specialization. London, Ontario,<\/em> Canada<\/p>\n","protected":false},"excerpt":{"rendered":"<p>Mathieu W\u00fchrmann N\u00e9 le 16 avril 1988 \u00e0 Fontainebleau9 Bis boulevard Magenta, 77300 Fontainebleaumathieuwuhrmann@hotmail.fr | 06.25.96.44.29www.mathieuwuhrmann.fr | @mathieuwuhrmann Expositions personnelles (s\u00e9lection) \u00a02023\u00a0\u00a0\u00a0\u00a0\u00a0\u00a0 Racines du monde, Salle Andr\u00e9 Malraux, Yerres\u00a02023\u00a0\u00a0\u00a0\u00a0\u00a0\u00a0 Une ann\u00e9e dans la Grande Prairie, m\u00e9diath\u00e8que de Fontainebleau 2020 \u00a0\u00a0\u00a0\u00a0 Mus\u00e9e municipal de Moret\u2011sur\u2011Loing\u00a02019\u00a0\u00a0\u00a0\u00a0\u00a0\u00a0 Les Arbres et le ciel, Fontainebleau\u00a02018 \u00a0\u00a0\u00a0\u00a0\u00a0 Moulin \u00e0 Tan, Moret\u2011sur\u2011Loing\u00a02017 [&hellip;]<\/p>\n","protected":false},"author":1,"featured_media":0,"parent":0,"menu_order":0,"comment_status":"closed","ping_status":"closed","template":"","meta":[],"_links":{"self":[{"href":"https:\/\/mathieuwuhrmann.com\/index.php?rest_route=\/wp\/v2\/pages\/8"}],"collection":[{"href":"https:\/\/mathieuwuhrmann.com\/index.php?rest_route=\/wp\/v2\/pages"}],"about":[{"href":"https:\/\/mathieuwuhrmann.com\/index.php?rest_route=\/wp\/v2\/types\/page"}],"author":[{"embeddable":true,"href":"https:\/\/mathieuwuhrmann.com\/index.php?rest_route=\/wp\/v2\/users\/1"}],"replies":[{"embeddable":true,"href":"https:\/\/mathieuwuhrmann.com\/index.php?rest_route=%2Fwp%2Fv2%2Fcomments&post=8"}],"version-history":[{"count":27,"href":"https:\/\/mathieuwuhrmann.com\/index.php?rest_route=\/wp\/v2\/pages\/8\/revisions"}],"predecessor-version":[{"id":884,"href":"https:\/\/mathieuwuhrmann.com\/index.php?rest_route=\/wp\/v2\/pages\/8\/revisions\/884"}],"wp:attachment":[{"href":"https:\/\/mathieuwuhrmann.com\/index.php?rest_route=%2Fwp%2Fv2%2Fmedia&parent=8"}],"curies":[{"name":"wp","href":"https:\/\/api.w.org\/{rel}","templated":true}]}}